{"id":1873,"date":"2019-10-28T10:22:41","date_gmt":"2019-10-28T09:22:41","guid":{"rendered":"http:\/\/hotel-venezia.com\/?page_id=1873"},"modified":"2019-10-28T10:22:48","modified_gmt":"2019-10-28T09:22:48","slug":"zimmer","status":"publish","type":"page","link":"https:\/\/www.hotel-venezia.com\/de\/zimmer\/","title":{"rendered":"Zimmer"},"content":{"rendered":"<style type=\"text\/css\">\n\t.section.the_content > .section_wrapper{max-width: 100%!important; margin: 0 auto !important;}\n\t.section.the_content .the_content_wrapper{margin: 0 auto !important;}\n\t\/*#Content > .content_wrapper > .sections_group > .entry-content > .section > .section_wrapper {max-width: 100% !important; margin: 0 auto !important;}*\/\n<\/style>\n\t\t\n<div class=\"section equal-height full-width\" style=\"padding-bottom:50px; \">\n\t<div class=\"section_wrapper mcb-section-inner clearfix\">\n\t\t<div class=\"column one clearfix\">\n\t\t\t<div class=\"column_attr clearfix align_center non-solo room-wrap\" style=\" background-color:#dde6ee; padding:50px 23px 50px 23px ;\">\n\t\t\t\t<h2>Le camere<\/h2>\n\t\t\t\t<p class=\"big\"><\/p>\n\t\t\t<\/div>\n\t\t<\/div>\n\t<\/div>\n<\/div>\n\n\n\n\n<div class=\"section\">\n\t<div class=\"section_wrapper mcb-section-inner clearfix\">\n\n\t\t<div class=\"column one column_blog\">\n\t\t\t<div class=\"blog_wrapper isotope_wrapper\">\n\n\t\t\t\t<div class=\"posts_group lm_wrapper\">\n\t\t\t\t\t<div class=\"post-item isotope-item clearfix post-1942 rooms type-rooms status-publish has-post-thumbnail hentry room_categories-zimmer\" ><div class=\"post-desc-wrapper\"><div class=\"post-desc\"><div class=\"post-title\"><h2 class=\"entry-title\" itemprop=\"headline\"><a href=\"https:\/\/www.hotel-venezia.com\/de\/rooms\/doppel-oder-zweibettzimmer\/\">Doppel &#8211; oder Zweibettzimmer<\/a><\/h2><\/div><div class=\"post-excerpt\"><p>2 Einzelbetten oder 1 gro\u00dfes Doppelbett<\/p>\n<p>Zimmergr\u00f6\u00dfe: 12 m\u00b2 <\/p>\n<p>Private Parkpl\u00e4tze stehen kostenfrei an der Unterkunft (Reservierung ist nicht m\u00f6glich) zur Verf\u00fcgung.<\/p>\n<\/div><div class=\"button_align align_left\"><a class=\"button  button_size_2 button_dark button_js\" href=\"https:\/\/www.hotel-venezia.com\/de\/rooms\/doppel-oder-zweibettzimmer\/\" ><span class=\"button_label\">Find out more<\/span><\/a><\/div><div class=\"servizi-evidenza-icon\"><div class=\"column one-third clearfix\"><div class=\"column_attr clearfix align_center\"><div class=\"icon_wrapper\"><i class=\"fas fa-wifi\"><\/i><\/div><div class=\"content\"><p>Free Internet Wi-Fi<\/p><\/div><\/div><\/div><div class=\"column one-third clearfix\"><div class=\"column_attr clearfix align_center\"><div class=\"icon_wrapper\"><i class=\"fas fa-door-open\"><\/i><\/div><div class=\"content\"><p>interconnected room(s) available<\/p><\/div><\/div><\/div><div class=\"column one-third clearfix\"><div class=\"column_attr clearfix align_center\"><div class=\"icon_wrapper\"><i class=\"fas fa-snowflake\"><\/i><\/div><div class=\"content\"><p>Air conditioning<\/p><\/div><\/div><\/div><\/div><\/div><\/div><div class=\"image_frame post-photo-wrapper scale-with-grid image\"><div class=\"image_wrapper room_cat_img\"><a href=\"https:\/\/www.hotel-venezia.com\/de\/rooms\/doppel-oder-zweibettzimmer\/\"><div class=\"mask\"><\/div><img loading=\"lazy\" decoding=\"async\" width=\"960\" height=\"720\" src=\"https:\/\/www.hotel-venezia.com\/wp-content\/uploads\/2019\/08\/hotel-venezia-matrimoniale-01-960x720.jpg\" class=\"scale-with-grid wp-post-image\" alt=\"\" \/><\/a><div class=\"image_links double\"><a class=\"zoom \"  rel=\"prettyphoto\" href=\"https:\/\/www.hotel-venezia.com\/wp-content\/uploads\/2019\/08\/hotel-venezia-matrimoniale-01-1024x675.jpg\"><svg viewBox=\"0 0 26 26\"><defs><style>.path{fill:none;stroke:#333;stroke-miterlimit:10;stroke-width:1.5px;}<\/style><\/defs><circle cx=\"11.35\" cy=\"11.35\" r=\"6\" class=\"path\"><\/circle><line x1=\"15.59\" y1=\"15.59\" x2=\"20.65\" y2=\"20.65\" class=\"path\"><\/line><\/svg><\/a><a class=\"link \"  href=\"https:\/\/www.hotel-venezia.com\/de\/rooms\/doppel-oder-zweibettzimmer\/\"><svg viewBox=\"0 0 26 26\"><defs><style>.path{fill:none;stroke:#333;stroke-miterlimit:10;stroke-width:1.5px;}<\/style><\/defs><g><path d=\"M10.17,8.76l2.12-2.12a5,5,0,0,1,7.07,0h0a5,5,0,0,1,0,7.07l-2.12,2.12\" class=\"path\"><\/path><path d=\"M15.83,17.24l-2.12,2.12a5,5,0,0,1-7.07,0h0a5,5,0,0,1,0-7.07l2.12-2.12\" class=\"path\"><\/path><line x1=\"10.17\" y1=\"15.83\" x2=\"15.83\" y2=\"10.17\" class=\"path\"><\/line><\/g><\/svg><\/a><\/div><\/div><\/div><\/div><div class=\"post-item isotope-item clearfix post-1927 rooms type-rooms status-publish has-post-thumbnail hentry room_categories-zimmer\" ><div class=\"post-desc-wrapper\"><div class=\"post-desc\"><div class=\"post-title\"><h2 class=\"entry-title\" itemprop=\"headline\"><a href=\"https:\/\/www.hotel-venezia.com\/de\/rooms\/einzelzimmer\/\">Einzelzimmer<\/a><\/h2><\/div><div class=\"post-excerpt\"><p>1 Einzelbett<\/p>\n<p>Zimmergr\u00f6\u00dfe: 9 m\u00b2<\/p>\n<p>Private Parkpl\u00e4tze stehen kostenfrei an der Unterkunft (Reservierung ist nicht m\u00f6glich) zur Verf\u00fcgung.<\/p>\n<\/div><div class=\"button_align align_left\"><a class=\"button  button_size_2 button_dark button_js\" href=\"https:\/\/www.hotel-venezia.com\/de\/rooms\/einzelzimmer\/\" ><span class=\"button_label\">Find out more<\/span><\/a><\/div><div class=\"servizi-evidenza-icon\"><div class=\"column one-third clearfix\"><div class=\"column_attr clearfix align_center\"><div class=\"icon_wrapper\"><i class=\"fas fa-wifi\"><\/i><\/div><div class=\"content\"><p>Free Internet Wi-Fi<\/p><\/div><\/div><\/div><div class=\"column one-third clearfix\"><div class=\"column_attr clearfix align_center\"><div class=\"icon_wrapper\"><i class=\"fas fa-treasure-chest\"><\/i><\/div><div class=\"content\"><p>Safety Deposit Box<\/p><\/div><\/div><\/div><div class=\"column one-third clearfix\"><div class=\"column_attr clearfix align_center\"><div class=\"icon_wrapper\"><i class=\"fas fa-snowflake\"><\/i><\/div><div class=\"content\"><p>Air conditioning<\/p><\/div><\/div><\/div><\/div><\/div><\/div><div class=\"image_frame post-photo-wrapper scale-with-grid image\"><div class=\"image_wrapper room_cat_img\"><a href=\"https:\/\/www.hotel-venezia.com\/de\/rooms\/einzelzimmer\/\"><div class=\"mask\"><\/div><img loading=\"lazy\" decoding=\"async\" width=\"960\" height=\"720\" src=\"https:\/\/www.hotel-venezia.com\/wp-content\/uploads\/2019\/09\/hotel-venezia-camera-singola-01-960x720.jpg\" class=\"scale-with-grid wp-post-image\" alt=\"\" \/><\/a><div class=\"image_links double\"><a class=\"zoom \"  rel=\"prettyphoto\" href=\"https:\/\/www.hotel-venezia.com\/wp-content\/uploads\/2019\/09\/hotel-venezia-camera-singola-01-1024x675.jpg\"><svg viewBox=\"0 0 26 26\"><defs><style>.path{fill:none;stroke:#333;stroke-miterlimit:10;stroke-width:1.5px;}<\/style><\/defs><circle cx=\"11.35\" cy=\"11.35\" r=\"6\" class=\"path\"><\/circle><line x1=\"15.59\" y1=\"15.59\" x2=\"20.65\" y2=\"20.65\" class=\"path\"><\/line><\/svg><\/a><a class=\"link \"  href=\"https:\/\/www.hotel-venezia.com\/de\/rooms\/einzelzimmer\/\"><svg viewBox=\"0 0 26 26\"><defs><style>.path{fill:none;stroke:#333;stroke-miterlimit:10;stroke-width:1.5px;}<\/style><\/defs><g><path d=\"M10.17,8.76l2.12-2.12a5,5,0,0,1,7.07,0h0a5,5,0,0,1,0,7.07l-2.12,2.12\" class=\"path\"><\/path><path d=\"M15.83,17.24l-2.12,2.12a5,5,0,0,1-7.07,0h0a5,5,0,0,1,0-7.07l2.12-2.12\" class=\"path\"><\/path><line x1=\"10.17\" y1=\"15.83\" x2=\"15.83\" y2=\"10.17\" class=\"path\"><\/line><\/g><\/svg><\/a><\/div><\/div><\/div><\/div><div class=\"post-item isotope-item clearfix post-1916 rooms type-rooms status-publish has-post-thumbnail hentry room_categories-zimmer\" ><div class=\"post-desc-wrapper\"><div class=\"post-desc\"><div class=\"post-title\"><h2 class=\"entry-title\" itemprop=\"headline\"><a href=\"https:\/\/www.hotel-venezia.com\/de\/rooms\/dreibettzimmer\/\">Dreibettzimmer<\/a><\/h2><\/div><div class=\"post-excerpt\"><p>1 Einzelbett und 1 gro\u00dfes Doppelbett<\/p>\n<p>Zimmergr\u00f6\u00dfe 14 m\u00b2<\/p>\n<p>Private Parkpl\u00e4tze stehen kostenfrei an der Unterkunft (Reservierung ist nicht m\u00f6glich) zur Verf\u00fcgung.<\/p>\n<\/div><div class=\"button_align align_left\"><a class=\"button  button_size_2 button_dark button_js\" href=\"https:\/\/www.hotel-venezia.com\/de\/rooms\/dreibettzimmer\/\" ><span class=\"button_label\">Find out more<\/span><\/a><\/div><div class=\"servizi-evidenza-icon\"><div class=\"column one-third clearfix\"><div class=\"column_attr clearfix align_center\"><div class=\"icon_wrapper\"><i class=\"fas fa-wifi\"><\/i><\/div><div class=\"content\"><p>Free Internet Wi-Fi<\/p><\/div><\/div><\/div><div class=\"column one-third clearfix\"><div class=\"column_attr clearfix align_center\"><div class=\"icon_wrapper\"><i class=\"fas fa-bed\"><\/i><\/div><div class=\"content\"><p>One single bed  and one large double bed<\/p><\/div><\/div><\/div><div class=\"column one-third clearfix\"><div class=\"column_attr clearfix align_center\"><div class=\"icon_wrapper\"><i class=\"fas fa-tshirt\"><\/i><\/div><div class=\"content\"><p>Wardrobe or closet<\/p><\/div><\/div><\/div><\/div><\/div><\/div><div class=\"image_frame post-photo-wrapper scale-with-grid image\"><div class=\"image_wrapper room_cat_img\"><a href=\"https:\/\/www.hotel-venezia.com\/de\/rooms\/dreibettzimmer\/\"><div class=\"mask\"><\/div><img loading=\"lazy\" decoding=\"async\" width=\"960\" height=\"720\" src=\"https:\/\/www.hotel-venezia.com\/wp-content\/uploads\/2019\/10\/hotel-venezia-camera-tripla-01-960x720.jpg\" class=\"scale-with-grid wp-post-image\" alt=\"\" \/><\/a><div class=\"image_links double\"><a class=\"zoom \"  rel=\"prettyphoto\" href=\"https:\/\/www.hotel-venezia.com\/wp-content\/uploads\/2019\/10\/hotel-venezia-camera-tripla-01-1024x675.jpg\"><svg viewBox=\"0 0 26 26\"><defs><style>.path{fill:none;stroke:#333;stroke-miterlimit:10;stroke-width:1.5px;}<\/style><\/defs><circle cx=\"11.35\" cy=\"11.35\" r=\"6\" class=\"path\"><\/circle><line x1=\"15.59\" y1=\"15.59\" x2=\"20.65\" y2=\"20.65\" class=\"path\"><\/line><\/svg><\/a><a class=\"link \"  href=\"https:\/\/www.hotel-venezia.com\/de\/rooms\/dreibettzimmer\/\"><svg viewBox=\"0 0 26 26\"><defs><style>.path{fill:none;stroke:#333;stroke-miterlimit:10;stroke-width:1.5px;}<\/style><\/defs><g><path d=\"M10.17,8.76l2.12-2.12a5,5,0,0,1,7.07,0h0a5,5,0,0,1,0,7.07l-2.12,2.12\" class=\"path\"><\/path><path d=\"M15.83,17.24l-2.12,2.12a5,5,0,0,1-7.07,0h0a5,5,0,0,1,0-7.07l2.12-2.12\" class=\"path\"><\/path><line x1=\"10.17\" y1=\"15.83\" x2=\"15.83\" y2=\"10.17\" class=\"path\"><\/line><\/g><\/svg><\/a><\/div><\/div><\/div><\/div><div class=\"post-item isotope-item clearfix post-1888 rooms type-rooms status-publish has-post-thumbnail hentry room_categories-zimmer\" ><div class=\"post-desc-wrapper\"><div class=\"post-desc\"><div class=\"post-title\"><h2 class=\"entry-title\" itemprop=\"headline\"><a href=\"https:\/\/www.hotel-venezia.com\/de\/rooms\/vierbettzimmer\/\">Vierbettzimmer<\/a><\/h2><\/div><div class=\"post-excerpt\"><p>2 Einzelbetten und 1 gro\u00dfes Doppelbett<\/p>\n<p>Zimmergr\u00f6\u00dfe: 16 m\u00b2<\/p>\n<p>Private Parkpl\u00e4tze stehen kostenfrei an der Unterkunft (Reservierung ist nicht m\u00f6glich) zur Verf\u00fcgung.<\/p>\n<\/div><div class=\"button_align align_left\"><a class=\"button  button_size_2 button_dark button_js\" href=\"https:\/\/www.hotel-venezia.com\/de\/rooms\/vierbettzimmer\/\" ><span class=\"button_label\">Find out more<\/span><\/a><\/div><div class=\"servizi-evidenza-icon\"><div class=\"column one-third clearfix\"><div class=\"column_attr clearfix align_center\"><div class=\"icon_wrapper\"><i class=\"fas fa-wifi\"><\/i><\/div><div class=\"content\"><p>Free Internet Wi-Fi<\/p><\/div><\/div><\/div><div class=\"column one-third clearfix\"><div class=\"column_attr clearfix align_center\"><div class=\"icon_wrapper\"><i class=\"fas fa-bath\"><\/i><\/div><div class=\"content\"><p>Bath<\/p><\/div><\/div><\/div><div class=\"column one-third clearfix\"><div class=\"column_attr clearfix align_center\"><div class=\"icon_wrapper\"><i class=\"fas fa-snowflake\"><\/i><\/div><div class=\"content\"><p>Air conditioning<\/p><\/div><\/div><\/div><\/div><\/div><\/div><div class=\"image_frame post-photo-wrapper scale-with-grid image\"><div class=\"image_wrapper room_cat_img\"><a href=\"https:\/\/www.hotel-venezia.com\/de\/rooms\/vierbettzimmer\/\"><div class=\"mask\"><\/div><img loading=\"lazy\" decoding=\"async\" width=\"960\" height=\"720\" src=\"https:\/\/www.hotel-venezia.com\/wp-content\/uploads\/2019\/10\/hotel-venezia-camera-quadrupla-01-960x720.jpg\" class=\"scale-with-grid wp-post-image\" alt=\"\" \/><\/a><div class=\"image_links double\"><a class=\"zoom \"  rel=\"prettyphoto\" href=\"https:\/\/www.hotel-venezia.com\/wp-content\/uploads\/2019\/10\/hotel-venezia-camera-quadrupla-01-1024x675.jpg\"><svg viewBox=\"0 0 26 26\"><defs><style>.path{fill:none;stroke:#333;stroke-miterlimit:10;stroke-width:1.5px;}<\/style><\/defs><circle cx=\"11.35\" cy=\"11.35\" r=\"6\" class=\"path\"><\/circle><line x1=\"15.59\" y1=\"15.59\" x2=\"20.65\" y2=\"20.65\" class=\"path\"><\/line><\/svg><\/a><a class=\"link \"  href=\"https:\/\/www.hotel-venezia.com\/de\/rooms\/vierbettzimmer\/\"><svg viewBox=\"0 0 26 26\"><defs><style>.path{fill:none;stroke:#333;stroke-miterlimit:10;stroke-width:1.5px;}<\/style><\/defs><g><path d=\"M10.17,8.76l2.12-2.12a5,5,0,0,1,7.07,0h0a5,5,0,0,1,0,7.07l-2.12,2.12\" class=\"path\"><\/path><path d=\"M15.83,17.24l-2.12,2.12a5,5,0,0,1-7.07,0h0a5,5,0,0,1,0-7.07l2.12-2.12\" class=\"path\"><\/path><line x1=\"10.17\" y1=\"15.83\" x2=\"15.83\" y2=\"10.17\" class=\"path\"><\/line><\/g><\/svg><\/a><\/div><\/div><\/div><\/div>\t\t\t\t<\/div>\n\n\t\t\t\t\n\t\t\t<\/div>\n\t\t<\/div>\n\n\t<\/div>\n<\/div>\n\n","protected":false},"excerpt":{"rendered":"2 Einzelbetten und 1 gro\u00dfes Doppelbett Zimmergr\u00f6\u00dfe: 16 m\u00b2 &nbsp; Private Parkpl\u00e4tze stehen kostenfrei an der Unterkunft (Reservierung ist nicht m\u00f6glich) zur Verf\u00fcgung.","protected":false},"author":1,"featured_media":1808,"parent":0,"menu_order":0,"comment_status":"closed","ping_status":"closed","template":"","meta":{"_acf_changed":false,"footnotes":""},"class_list":["post-1873","page","type-page","status-publish","has-post-thumbnail","hentry"],"acf":[],"yoast_head":"<!-- This site is optimized with the Yoast SEO plugin v26.0 - https:\/\/yoast.com\/wordpress\/plugins\/seo\/ -->\n<title>Zimmer - Hotel Venezia Mestre - Venedig in 15 minuten<\/title>\n<meta name=\"description\" content=\"Die Zimmer verf\u00fcgen \u00fcber Bad\/WC, Sat-TV, Telefon, Safe, Klimaanlage und frei Wi-Fi Verbindung.\" \/>\n<meta name=\"robots\" content=\"index, follow, max-snippet:-1, max-image-preview:large, max-video-preview:-1\" \/>\n<link rel=\"canonical\" href=\"https:\/\/www.hotel-venezia.com\/de\/zimmer\/\" \/>\n<meta property=\"og:locale\" content=\"de_DE\" \/>\n<meta property=\"og:type\" content=\"article\" \/>\n<meta property=\"og:title\" content=\"Zimmer - Hotel Venezia Mestre - Venedig in 15 minuten\" \/>\n<meta property=\"og:description\" content=\"Die Zimmer verf\u00fcgen \u00fcber Bad\/WC, Sat-TV, Telefon, Safe, Klimaanlage und frei Wi-Fi Verbindung.\" \/>\n<meta property=\"og:url\" content=\"https:\/\/www.hotel-venezia.com\/de\/zimmer\/\" \/>\n<meta property=\"og:site_name\" content=\"Hotel Venezia\" \/>\n<meta property=\"article:modified_time\" content=\"2019-10-28T09:22:48+00:00\" \/>\n<meta property=\"og:image\" content=\"https:\/\/www.hotel-venezia.com\/wp-content\/uploads\/2019\/10\/Hotel_Venezia_Camere.jpg\" \/>\n\t<meta property=\"og:image:width\" content=\"1680\" \/>\n\t<meta property=\"og:image:height\" content=\"570\" \/>\n\t<meta property=\"og:image:type\" content=\"image\/jpeg\" \/>\n<meta name=\"twitter:card\" content=\"summary_large_image\" \/>\n<script type=\"application\/ld+json\" class=\"yoast-schema-graph\">{\"@context\":\"https:\/\/schema.org\",\"@graph\":[{\"@type\":\"WebPage\",\"@id\":\"https:\/\/www.hotel-venezia.com\/de\/zimmer\/\",\"url\":\"https:\/\/www.hotel-venezia.com\/de\/zimmer\/\",\"name\":\"Zimmer - Hotel Venezia Mestre - Venedig in 15 minuten\",\"isPartOf\":{\"@id\":\"https:\/\/www.hotel-venezia.com\/de\/#website\"},\"primaryImageOfPage\":{\"@id\":\"https:\/\/www.hotel-venezia.com\/de\/zimmer\/#primaryimage\"},\"image\":{\"@id\":\"https:\/\/www.hotel-venezia.com\/de\/zimmer\/#primaryimage\"},\"thumbnailUrl\":\"https:\/\/www.hotel-venezia.com\/wp-content\/uploads\/2019\/10\/Hotel_Venezia_Camere.jpg\",\"datePublished\":\"2019-10-28T09:22:41+00:00\",\"dateModified\":\"2019-10-28T09:22:48+00:00\",\"description\":\"Die Zimmer verf\u00fcgen \u00fcber Bad\/WC, Sat-TV, Telefon, Safe, Klimaanlage und frei Wi-Fi Verbindung.\",\"breadcrumb\":{\"@id\":\"https:\/\/www.hotel-venezia.com\/de\/zimmer\/#breadcrumb\"},\"inLanguage\":\"de\",\"potentialAction\":[{\"@type\":\"ReadAction\",\"target\":[\"https:\/\/www.hotel-venezia.com\/de\/zimmer\/\"]}]},{\"@type\":\"ImageObject\",\"inLanguage\":\"de\",\"@id\":\"https:\/\/www.hotel-venezia.com\/de\/zimmer\/#primaryimage\",\"url\":\"https:\/\/www.hotel-venezia.com\/wp-content\/uploads\/2019\/10\/Hotel_Venezia_Camere.jpg\",\"contentUrl\":\"https:\/\/www.hotel-venezia.com\/wp-content\/uploads\/2019\/10\/Hotel_Venezia_Camere.jpg\",\"width\":1680,\"height\":570},{\"@type\":\"BreadcrumbList\",\"@id\":\"https:\/\/www.hotel-venezia.com\/de\/zimmer\/#breadcrumb\",\"itemListElement\":[{\"@type\":\"ListItem\",\"position\":1,\"name\":\"Home\",\"item\":\"https:\/\/www.hotel-venezia.com\/de\/home\/\"},{\"@type\":\"ListItem\",\"position\":2,\"name\":\"Zimmer\"}]},{\"@type\":\"WebSite\",\"@id\":\"https:\/\/www.hotel-venezia.com\/de\/#website\",\"url\":\"https:\/\/www.hotel-venezia.com\/de\/\",\"name\":\"Hotel Venezia\",\"description\":\"Mestre - Venedig in 15 minuten\",\"potentialAction\":[{\"@type\":\"SearchAction\",\"target\":{\"@type\":\"EntryPoint\",\"urlTemplate\":\"https:\/\/www.hotel-venezia.com\/de\/?s={search_term_string}\"},\"query-input\":{\"@type\":\"PropertyValueSpecification\",\"valueRequired\":true,\"valueName\":\"search_term_string\"}}],\"inLanguage\":\"de\"}]}<\/script>\n<!-- \/ Yoast SEO plugin. -->","yoast_head_json":{"title":"Zimmer - Hotel Venezia Mestre - Venedig in 15 minuten","description":"Die Zimmer verf\u00fcgen \u00fcber Bad\/WC, Sat-TV, Telefon, Safe, Klimaanlage und frei Wi-Fi Verbindung.","robots":{"index":"index","follow":"follow","max-snippet":"max-snippet:-1","max-image-preview":"max-image-preview:large","max-video-preview":"max-video-preview:-1"},"canonical":"https:\/\/www.hotel-venezia.com\/de\/zimmer\/","og_locale":"de_DE","og_type":"article","og_title":"Zimmer - Hotel Venezia Mestre - Venedig in 15 minuten","og_description":"Die Zimmer verf\u00fcgen \u00fcber Bad\/WC, Sat-TV, Telefon, Safe, Klimaanlage und frei Wi-Fi Verbindung.","og_url":"https:\/\/www.hotel-venezia.com\/de\/zimmer\/","og_site_name":"Hotel Venezia","article_modified_time":"2019-10-28T09:22:48+00:00","og_image":[{"width":1680,"height":570,"url":"https:\/\/www.hotel-venezia.com\/wp-content\/uploads\/2019\/10\/Hotel_Venezia_Camere.jpg","type":"image\/jpeg"}],"twitter_card":"summary_large_image","schema":{"@context":"https:\/\/schema.org","@graph":[{"@type":"WebPage","@id":"https:\/\/www.hotel-venezia.com\/de\/zimmer\/","url":"https:\/\/www.hotel-venezia.com\/de\/zimmer\/","name":"Zimmer - Hotel Venezia Mestre - Venedig in 15 minuten","isPartOf":{"@id":"https:\/\/www.hotel-venezia.com\/de\/#website"},"primaryImageOfPage":{"@id":"https:\/\/www.hotel-venezia.com\/de\/zimmer\/#primaryimage"},"image":{"@id":"https:\/\/www.hotel-venezia.com\/de\/zimmer\/#primaryimage"},"thumbnailUrl":"https:\/\/www.hotel-venezia.com\/wp-content\/uploads\/2019\/10\/Hotel_Venezia_Camere.jpg","datePublished":"2019-10-28T09:22:41+00:00","dateModified":"2019-10-28T09:22:48+00:00","description":"Die Zimmer verf\u00fcgen \u00fcber Bad\/WC, Sat-TV, Telefon, Safe, Klimaanlage und frei Wi-Fi Verbindung.","breadcrumb":{"@id":"https:\/\/www.hotel-venezia.com\/de\/zimmer\/#breadcrumb"},"inLanguage":"de","potentialAction":[{"@type":"ReadAction","target":["https:\/\/www.hotel-venezia.com\/de\/zimmer\/"]}]},{"@type":"ImageObject","inLanguage":"de","@id":"https:\/\/www.hotel-venezia.com\/de\/zimmer\/#primaryimage","url":"https:\/\/www.hotel-venezia.com\/wp-content\/uploads\/2019\/10\/Hotel_Venezia_Camere.jpg","contentUrl":"https:\/\/www.hotel-venezia.com\/wp-content\/uploads\/2019\/10\/Hotel_Venezia_Camere.jpg","width":1680,"height":570},{"@type":"BreadcrumbList","@id":"https:\/\/www.hotel-venezia.com\/de\/zimmer\/#breadcrumb","itemListElement":[{"@type":"ListItem","position":1,"name":"Home","item":"https:\/\/www.hotel-venezia.com\/de\/home\/"},{"@type":"ListItem","position":2,"name":"Zimmer"}]},{"@type":"WebSite","@id":"https:\/\/www.hotel-venezia.com\/de\/#website","url":"https:\/\/www.hotel-venezia.com\/de\/","name":"Hotel Venezia","description":"Mestre - Venedig in 15 minuten","potentialAction":[{"@type":"SearchAction","target":{"@type":"EntryPoint","urlTemplate":"https:\/\/www.hotel-venezia.com\/de\/?s={search_term_string}"},"query-input":{"@type":"PropertyValueSpecification","valueRequired":true,"valueName":"search_term_string"}}],"inLanguage":"de"}]}},"_links":{"self":[{"href":"https:\/\/www.hotel-venezia.com\/de\/wp-json\/wp\/v2\/pages\/1873","targetHints":{"allow":["GET"]}}],"collection":[{"href":"https:\/\/www.hotel-venezia.com\/de\/wp-json\/wp\/v2\/pages"}],"about":[{"href":"https:\/\/www.hotel-venezia.com\/de\/wp-json\/wp\/v2\/types\/page"}],"author":[{"embeddable":true,"href":"https:\/\/www.hotel-venezia.com\/de\/wp-json\/wp\/v2\/users\/1"}],"replies":[{"embeddable":true,"href":"https:\/\/www.hotel-venezia.com\/de\/wp-json\/wp\/v2\/comments?post=1873"}],"version-history":[{"count":0,"href":"https:\/\/www.hotel-venezia.com\/de\/wp-json\/wp\/v2\/pages\/1873\/revisions"}],"wp:featuredmedia":[{"embeddable":true,"href":"https:\/\/www.hotel-venezia.com\/de\/wp-json\/wp\/v2\/media\/1808"}],"wp:attachment":[{"href":"https:\/\/www.hotel-venezia.com\/de\/wp-json\/wp\/v2\/media?parent=1873"}],"curies":[{"name":"wp","href":"https:\/\/api.w.org\/{rel}","templated":true}]}}